{"id":55,"date":"2024-12-20T12:37:30","date_gmt":"2024-12-20T15:37:30","guid":{"rendered":"http:\/\/educadoramoc.com\/?page_id=55"},"modified":"2025-02-13T08:40:38","modified_gmt":"2025-02-13T11:40:38","slug":"locutores","status":"publish","type":"page","link":"https:\/\/educadoramoc.com\/?page_id=55","title":{"rendered":"Locutores"},"content":{"rendered":"\t\t<div data-elementor-type=\"wp-page\" data-elementor-id=\"55\" class=\"elementor elementor-55\" data-elementor-post-type=\"page\">\n\t\t\t\t<div class=\"elementor-element elementor-element-53d9d40 e-con-full e-flex wpr-particle-no wpr-jarallax-no wpr-parallax-no wpr-sticky-section-no e-con e-parent\" data-id=\"53d9d40\" data-element_type=\"container\">\n\t\t\t\t<div class=\"elementor-element elementor-element-b8f86ae elementor-widget__width-inherit elementor-hidden-tablet elementor-hidden-mobile elementor-arrows-position-inside elementor-widget elementor-widget-image-carousel\" data-id=\"b8f86ae\" data-element_type=\"widget\" data-settings=\"{&quot;slides_to_show&quot;:&quot;1&quot;,&quot;navigation&quot;:&quot;arrows&quot;,&quot;autoplay&quot;:&quot;yes&quot;,&quot;pause_on_hover&quot;:&quot;yes&quot;,&quot;pause_on_interaction&quot;:&quot;yes&quot;,&quot;autoplay_speed&quot;:5000,&quot;infinite&quot;:&quot;yes&quot;,&quot;effect&quot;:&quot;slide&quot;,&quot;speed&quot;:500}\" data-widget_type=\"image-carousel.default\">\n\t\t\t\t<div class=\"elementor-widget-container\">\n\t\t\t\t\t\t\t<div class=\"elementor-image-carousel-wrapper swiper\" role=\"region\" aria-roledescription=\"carousel\" aria-label=\"Carrossel de imagens\" dir=\"ltr\">\n\t\t\t<div class=\"elementor-image-carousel swiper-wrapper\" aria-live=\"off\">\n\t\t\t\t\t\t\t\t<div class=\"swiper-slide\" role=\"group\" aria-roledescription=\"slide\" aria-label=\"1 de 3\"><figure class=\"swiper-slide-inner\"><img decoding=\"async\" class=\"swiper-slide-image\" src=\"https:\/\/educadoramoc.com\/wp-content\/uploads\/2024\/12\/BANNER-SITE-EDU-_1_-scaled.avif\" alt=\"BANNER-SITE-EDU-_1_\" \/><\/figure><\/div><div class=\"swiper-slide\" role=\"group\" aria-roledescription=\"slide\" aria-label=\"2 de 3\"><figure class=\"swiper-slide-inner\"><img decoding=\"async\" class=\"swiper-slide-image\" src=\"https:\/\/educadoramoc.com\/wp-content\/uploads\/2024\/12\/BANNER-SITE-EDU-2-_1_-scaled.avif\" alt=\"BANNER-SITE-EDU-2-_1_\" \/><\/figure><\/div><div class=\"swiper-slide\" role=\"group\" aria-roledescription=\"slide\" aria-label=\"3 de 3\"><figure class=\"swiper-slide-inner\"><img decoding=\"async\" class=\"swiper-slide-image\" src=\"https:\/\/educadoramoc.com\/wp-content\/uploads\/2024\/12\/BANNER-NATAL-EDU-2-_2_-scaled.avif\" alt=\"BANNER-NATAL-EDU-2-_2_\" \/><\/figure><\/div>\t\t\t<\/div>\n\t\t\t\t\t\t\t\t\t\t\t\t<div class=\"elementor-swiper-button elementor-swiper-button-prev\" role=\"button\" tabindex=\"0\">\n\t\t\t\t\t\t<svg aria-hidden=\"true\" class=\"e-font-icon-svg e-eicon-chevron-left\" viewBox=\"0 0 1000 1000\" xmlns=\"http:\/\/www.w3.org\/2000\/svg\"><path d=\"M646 125C629 125 613 133 604 142L308 442C296 454 292 471 292 487 292 504 296 521 308 533L604 854C617 867 629 875 646 875 663 875 679 871 692 858 704 846 713 829 713 812 713 796 708 779 692 767L438 487 692 225C700 217 708 204 708 187 708 171 704 154 692 142 675 129 663 125 646 125Z\"><\/path><\/svg>\t\t\t\t\t<\/div>\n\t\t\t\t\t<div class=\"elementor-swiper-button elementor-swiper-button-next\" role=\"button\" tabindex=\"0\">\n\t\t\t\t\t\t<svg aria-hidden=\"true\" class=\"e-font-icon-svg e-eicon-chevron-right\" viewBox=\"0 0 1000 1000\" xmlns=\"http:\/\/www.w3.org\/2000\/svg\"><path d=\"M696 533C708 521 713 504 713 487 713 471 708 454 696 446L400 146C388 133 375 125 354 125 338 125 325 129 313 142 300 154 292 171 292 187 292 204 296 221 308 233L563 492 304 771C292 783 288 800 288 817 288 833 296 850 308 863 321 871 338 875 354 875 371 875 388 867 400 854L696 533Z\"><\/path><\/svg>\t\t\t\t\t<\/div>\n\t\t\t\t\n\t\t\t\t\t\t\t\t\t<\/div>\n\t\t\t\t\t\t<\/div>\n\t\t\t\t<\/div>\n\t\t\t\t<\/div>\n\t\t<div class=\"elementor-element elementor-element-87514f6 e-con-full e-flex wpr-particle-no wpr-jarallax-no wpr-parallax-no wpr-sticky-section-no e-con e-parent\" data-id=\"87514f6\" data-element_type=\"container\">\n\t\t\t\t<div class=\"elementor-element elementor-element-5f1106c elementor-widget__width-inherit elementor-hidden-widescreen elementor-hidden-desktop elementor-hidden-laptop elementor-arrows-position-inside elementor-widget elementor-widget-image-carousel\" data-id=\"5f1106c\" data-element_type=\"widget\" data-settings=\"{&quot;slides_to_show&quot;:&quot;1&quot;,&quot;navigation&quot;:&quot;arrows&quot;,&quot;autoplay&quot;:&quot;yes&quot;,&quot;pause_on_hover&quot;:&quot;yes&quot;,&quot;pause_on_interaction&quot;:&quot;yes&quot;,&quot;autoplay_speed&quot;:5000,&quot;infinite&quot;:&quot;yes&quot;,&quot;effect&quot;:&quot;slide&quot;,&quot;speed&quot;:500}\" data-widget_type=\"image-carousel.default\">\n\t\t\t\t<div class=\"elementor-widget-container\">\n\t\t\t\t\t\t\t<div class=\"elementor-image-carousel-wrapper swiper\" role=\"region\" aria-roledescription=\"carousel\" aria-label=\"Carrossel de imagens\" dir=\"ltr\">\n\t\t\t<div class=\"elementor-image-carousel swiper-wrapper\" aria-live=\"off\">\n\t\t\t\t\t\t\t\t<div class=\"swiper-slide\" role=\"group\" aria-roledescription=\"slide\" aria-label=\"1 de 3\"><figure class=\"swiper-slide-inner\"><img decoding=\"async\" class=\"swiper-slide-image\" src=\"https:\/\/educadoramoc.com\/wp-content\/uploads\/2024\/12\/Imagem-do-WhatsApp-de-2024-12-23-a_s_-12.28.14_a9b0a181-897x1536.avif\" alt=\"Imagem-do-WhatsApp-de-2024-12-23-\u00e0_s_-12.28.14_a9b0a181\" \/><\/figure><\/div><div class=\"swiper-slide\" role=\"group\" aria-roledescription=\"slide\" aria-label=\"2 de 3\"><figure class=\"swiper-slide-inner\"><img decoding=\"async\" class=\"swiper-slide-image\" src=\"https:\/\/educadoramoc.com\/wp-content\/uploads\/2024\/12\/Imagem-do-WhatsApp-de-2024-12-23-a_s_-12.28.15_1abd621e-897x1536.avif\" alt=\"Imagem-do-WhatsApp-de-2024-12-23-\u00e0_s_-12.28.15_1abd621e\" \/><\/figure><\/div><div class=\"swiper-slide\" role=\"group\" aria-roledescription=\"slide\" aria-label=\"3 de 3\"><figure class=\"swiper-slide-inner\"><img decoding=\"async\" class=\"swiper-slide-image\" src=\"https:\/\/educadoramoc.com\/wp-content\/uploads\/2024\/12\/Imagem-do-WhatsApp-de-2024-12-23-a_s_-13.02.04_792597b7-897x1536.avif\" alt=\"Imagem-do-WhatsApp-de-2024-12-23-\u00e0_s_-13.02.04_792597b7\" \/><\/figure><\/div>\t\t\t<\/div>\n\t\t\t\t\t\t\t\t\t\t\t\t<div class=\"elementor-swiper-button elementor-swiper-button-prev\" role=\"button\" tabindex=\"0\">\n\t\t\t\t\t\t<svg aria-hidden=\"true\" class=\"e-font-icon-svg e-eicon-chevron-left\" viewBox=\"0 0 1000 1000\" xmlns=\"http:\/\/www.w3.org\/2000\/svg\"><path d=\"M646 125C629 125 613 133 604 142L308 442C296 454 292 471 292 487 292 504 296 521 308 533L604 854C617 867 629 875 646 875 663 875 679 871 692 858 704 846 713 829 713 812 713 796 708 779 692 767L438 487 692 225C700 217 708 204 708 187 708 171 704 154 692 142 675 129 663 125 646 125Z\"><\/path><\/svg>\t\t\t\t\t<\/div>\n\t\t\t\t\t<div class=\"elementor-swiper-button elementor-swiper-button-next\" role=\"button\" tabindex=\"0\">\n\t\t\t\t\t\t<svg aria-hidden=\"true\" class=\"e-font-icon-svg e-eicon-chevron-right\" viewBox=\"0 0 1000 1000\" xmlns=\"http:\/\/www.w3.org\/2000\/svg\"><path d=\"M696 533C708 521 713 504 713 487 713 471 708 454 696 446L400 146C388 133 375 125 354 125 338 125 325 129 313 142 300 154 292 171 292 187 292 204 296 221 308 233L563 492 304 771C292 783 288 800 288 817 288 833 296 850 308 863 321 871 338 875 354 875 371 875 388 867 400 854L696 533Z\"><\/path><\/svg>\t\t\t\t\t<\/div>\n\t\t\t\t\n\t\t\t\t\t\t\t\t\t<\/div>\n\t\t\t\t\t\t<\/div>\n\t\t\t\t<\/div>\n\t\t\t\t<\/div>\n\t\t<div class=\"elementor-element elementor-element-f2f8caf e-flex e-con-boxed wpr-particle-no wpr-jarallax-no wpr-parallax-no wpr-sticky-section-no e-con e-parent\" data-id=\"f2f8caf\" data-element_type=\"container\">\n\t\t\t\t\t<div class=\"e-con-inner\">\n\t\t\t\t<div class=\"elementor-element elementor-element-1ca194b elementor-widget__width-inherit noticias-da-cidade elementor-widget elementor-widget-heading\" data-id=\"1ca194b\" data-element_type=\"widget\" data-widget_type=\"heading.default\">\n\t\t\t\t<div class=\"elementor-widget-container\">\n\t\t\t\t\t<h2 class=\"elementor-heading-title elementor-size-default\">Locutores<\/h2>\t\t\t\t<\/div>\n\t\t\t\t<\/div>\n\t\t\t\t<div class=\"elementor-element elementor-element-538121b elementor-widget__width-inherit elementor-widget elementor-widget-text-editor\" data-id=\"538121b\" data-element_type=\"widget\" data-widget_type=\"text-editor.default\">\n\t\t\t\t<div class=\"elementor-widget-container\">\n\t\t\t\t\t\t\t\t\t<p>Conhe\u00e7a as vozes que levam a nossa r\u00e1dio at\u00e9 voc\u00ea<\/p>\t\t\t\t\t\t\t\t<\/div>\n\t\t\t\t<\/div>\n\t\t<div class=\"elementor-element elementor-element-0102730 e-con-full e-flex wpr-particle-no wpr-jarallax-no wpr-parallax-no wpr-sticky-section-no e-con e-child\" data-id=\"0102730\" data-element_type=\"container\">\n\t\t\t\t<div class=\"elementor-element elementor-element-0924ee3 elementor-widget elementor-widget-image\" data-id=\"0924ee3\" data-element_type=\"widget\" data-widget_type=\"image.default\">\n\t\t\t\t<div class=\"elementor-widget-container\">\n\t\t\t\t\t\t\t\t\t\t\t\t<figure class=\"wp-caption\">\n\t\t\t\t\t\t\t\t\t\t<img fetchpriority=\"high\" decoding=\"async\" width=\"632\" height=\"720\" src=\"https:\/\/educadoramoc.com\/wp-content\/uploads\/2025\/02\/WhatsApp-Image-2025-02-13-at-08.03.06.jpeg\" class=\"elementor-animation-grow attachment-large size-large wp-image-742\" alt=\"\" srcset=\"https:\/\/educadoramoc.com\/wp-content\/uploads\/2025\/02\/WhatsApp-Image-2025-02-13-at-08.03.06.jpeg 632w, https:\/\/educadoramoc.com\/wp-content\/uploads\/2025\/02\/WhatsApp-Image-2025-02-13-at-08.03.06-263x300.jpeg 263w\" sizes=\"(max-width: 632px) 100vw, 632px\" \/>\t\t\t\t\t\t\t\t\t\t\t<figcaption class=\"widget-image-caption wp-caption-text\"> <\/figcaption>\n\t\t\t\t\t\t\t\t\t\t<\/figure>\n\t\t\t\t\t\t\t\t\t<\/div>\n\t\t\t\t<\/div>\n\t\t\t\t<\/div>\n\t\t<div class=\"elementor-element elementor-element-eaf2e51 e-con-full e-flex wpr-particle-no wpr-jarallax-no wpr-parallax-no wpr-sticky-section-no e-con e-child\" data-id=\"eaf2e51\" data-element_type=\"container\">\n\t\t\t\t<\/div>\n\t\t<div class=\"elementor-element elementor-element-6ccc151 e-con-full e-flex wpr-particle-no wpr-jarallax-no wpr-parallax-no wpr-sticky-section-no e-con e-child\" data-id=\"6ccc151\" data-element_type=\"container\">\n\t\t\t\t<div class=\"elementor-element elementor-element-e30ef4f elementor-widget elementor-widget-image\" data-id=\"e30ef4f\" data-element_type=\"widget\" data-widget_type=\"image.default\">\n\t\t\t\t<div class=\"elementor-widget-container\">\n\t\t\t\t\t\t\t\t\t\t\t\t\t\t\t<img decoding=\"async\" width=\"355\" height=\"396\" src=\"https:\/\/educadoramoc.com\/wp-content\/uploads\/2024\/12\/Group-8-2-1.png\" class=\"elementor-animation-grow attachment-large size-large wp-image-487\" alt=\"\" srcset=\"https:\/\/educadoramoc.com\/wp-content\/uploads\/2024\/12\/Group-8-2-1.png 355w, https:\/\/educadoramoc.com\/wp-content\/uploads\/2024\/12\/Group-8-2-1-269x300.png 269w\" sizes=\"(max-width: 355px) 100vw, 355px\" \/>\t\t\t\t\t\t\t\t\t\t\t\t\t\t\t<\/div>\n\t\t\t\t<\/div>\n\t\t\t\t<\/div>\n\t\t<div class=\"elementor-element elementor-element-dc658df e-con-full e-flex wpr-particle-no wpr-jarallax-no wpr-parallax-no wpr-sticky-section-no e-con e-child\" data-id=\"dc658df\" data-element_type=\"container\">\n\t\t\t\t<div class=\"elementor-element elementor-element-d77dcf9 elementor-widget elementor-widget-image\" data-id=\"d77dcf9\" data-element_type=\"widget\" data-widget_type=\"image.default\">\n\t\t\t\t<div class=\"elementor-widget-container\">\n\t\t\t\t\t\t\t\t\t\t\t\t\t\t\t<img decoding=\"async\" width=\"355\" height=\"396\" src=\"https:\/\/educadoramoc.com\/wp-content\/uploads\/2024\/12\/Group-9-2-1.png\" class=\"elementor-animation-grow attachment-large size-large wp-image-488\" alt=\"\" srcset=\"https:\/\/educadoramoc.com\/wp-content\/uploads\/2024\/12\/Group-9-2-1.png 355w, https:\/\/educadoramoc.com\/wp-content\/uploads\/2024\/12\/Group-9-2-1-269x300.png 269w\" sizes=\"(max-width: 355px) 100vw, 355px\" \/>\t\t\t\t\t\t\t\t\t\t\t\t\t\t\t<\/div>\n\t\t\t\t<\/div>\n\t\t\t\t<\/div>\n\t\t<div class=\"elementor-element elementor-element-c48dca8 e-con-full e-flex wpr-particle-no wpr-jarallax-no wpr-parallax-no wpr-sticky-section-no e-con e-child\" data-id=\"c48dca8\" data-element_type=\"container\">\n\t\t\t\t<div class=\"elementor-element elementor-element-389d755 elementor-widget elementor-widget-image\" data-id=\"389d755\" data-element_type=\"widget\" data-widget_type=\"image.default\">\n\t\t\t\t<div class=\"elementor-widget-container\">\n\t\t\t\t\t\t\t\t\t\t\t\t\t\t\t<img loading=\"lazy\" decoding=\"async\" width=\"355\" height=\"396\" src=\"https:\/\/educadoramoc.com\/wp-content\/uploads\/2024\/12\/Group-10-2-1.png\" class=\"elementor-animation-grow attachment-large size-large wp-image-489\" alt=\"\" srcset=\"https:\/\/educadoramoc.com\/wp-content\/uploads\/2024\/12\/Group-10-2-1.png 355w, https:\/\/educadoramoc.com\/wp-content\/uploads\/2024\/12\/Group-10-2-1-269x300.png 269w\" sizes=\"(max-width: 355px) 100vw, 355px\" \/>\t\t\t\t\t\t\t\t\t\t\t\t\t\t\t<\/div>\n\t\t\t\t<\/div>\n\t\t\t\t<\/div>\n\t\t<div class=\"elementor-element elementor-element-a9ad80d e-con-full e-flex wpr-particle-no wpr-jarallax-no wpr-parallax-no wpr-sticky-section-no e-con e-child\" data-id=\"a9ad80d\" data-element_type=\"container\">\n\t\t\t\t<div class=\"elementor-element elementor-element-b286c5c elementor-widget elementor-widget-image\" data-id=\"b286c5c\" data-element_type=\"widget\" data-widget_type=\"image.default\">\n\t\t\t\t<div class=\"elementor-widget-container\">\n\t\t\t\t\t\t\t\t\t\t\t\t\t\t\t<img loading=\"lazy\" decoding=\"async\" width=\"355\" height=\"396\" src=\"https:\/\/educadoramoc.com\/wp-content\/uploads\/2024\/12\/Group-54-1.png\" class=\"elementor-animation-grow attachment-large size-large wp-image-490\" alt=\"\" srcset=\"https:\/\/educadoramoc.com\/wp-content\/uploads\/2024\/12\/Group-54-1.png 355w, https:\/\/educadoramoc.com\/wp-content\/uploads\/2024\/12\/Group-54-1-269x300.png 269w\" sizes=\"(max-width: 355px) 100vw, 355px\" \/>\t\t\t\t\t\t\t\t\t\t\t\t\t\t\t<\/div>\n\t\t\t\t<\/div>\n\t\t\t\t<\/div>\n\t\t\t\t\t<\/div>\n\t\t\t\t<\/div>\n\t\t<div class=\"elementor-element elementor-element-c297e9c e-con-full e-flex wpr-particle-no wpr-jarallax-no wpr-parallax-no wpr-sticky-section-no e-con e-parent\" data-id=\"c297e9c\" data-element_type=\"container\" data-settings=\"{&quot;position&quot;:&quot;fixed&quot;}\">\n\t\t\t\t<div class=\"elementor-element elementor-element-a817d8b elementor-widget__width-inherit elementor-widget elementor-widget-template\" data-id=\"a817d8b\" data-element_type=\"widget\" data-widget_type=\"template.default\">\n\t\t\t\t<div class=\"elementor-widget-container\">\n\t\t\t\t\t\t\t<div class=\"elementor-template\">\n\t\t\t\t\t<div data-elementor-type=\"footer\" data-elementor-id=\"93\" class=\"elementor elementor-93\" data-elementor-post-type=\"elementor_library\">\n\t\t\t<div class=\"elementor-element elementor-element-4d45a5c e-flex e-con-boxed wpr-particle-no wpr-jarallax-no wpr-parallax-no wpr-sticky-section-no e-con e-parent\" data-id=\"4d45a5c\" data-element_type=\"container\" data-settings=\"{&quot;background_background&quot;:&quot;classic&quot;}\">\n\t\t\t\t\t<div class=\"e-con-inner\">\n\t\t\t\t<div class=\"elementor-element elementor-element-a4ccf1b elementor-widget__width-inherit elementor-widget elementor-widget-shortcode\" data-id=\"a4ccf1b\" data-element_type=\"widget\" data-widget_type=\"shortcode.default\">\n\t\t\t\t<div class=\"elementor-widget-container\">\n\t\t\t\t\t\t\t<div class=\"elementor-shortcode\"><div class=\"radio_player\" data-player-type=\"shortcode\"data-data=\"eyJpZCI6MSwidGl0bGUiOiJSXHUwMGUxZGlvIEVkdWNhZG9yYSIsInN0aWNreSI6ZmFsc2UsInN0YXR1cyI6dHJ1ZSwic2tpbiI6InNraW4zIiwic3RhdGlvbnMiOlt7InRpdGxlIjoicmFkaW8gZWR1Y2Fkb3JhIiwic3RyZWFtIjoiaHR0cHM6XC9cLzgyMjguYnJhc2lsc3RyZWFtLmNvbS5iclwvc3RyZWFtIiwidGh1bWJuYWlsIjoiaHR0cDpcL1wvZWR1Y2Fkb3JhbW9jLmNvbVwvd3AtY29udGVudFwvcGx1Z2luc1wvcmFkaW8tcGxheWVyXC9hc3NldHNcL2ltYWdlc1wvcGxhY2Vob2xkZXIucG5nIn1dLCJwb3B1cF9pY29uIjpmYWxzZSwicGxheWxpc3RfaWNvbiI6ZmFsc2UsImhpc3RvcnlfaWNvbiI6ZmFsc2UsInZvbHVtZV9jb250cm9sIjp0cnVlLCJwbGF5ZXJfc3RhdHVzIjp0cnVlLCJzaG93X2FydGlzdCI6ZmFsc2UsInNob3dfYXJ0d29yayI6ZmFsc2UsInBsYXllcl90ZXh0IjoiTGlzdGVuIExpdmUiLCJ3aWR0aCI6Mzg1LCJ3aWR0aF9tb2JpbGUiOjMwMCwiYm9yZGVyX3JhZGl1cyI6NSwiYmdfY29sb3IiOiIjZjRmN2Y5IiwiYmdfaW1hZ2UiOiJodHRwOlwvXC9lZHVjYWRvcmFtb2MuY29tXC93cC1jb250ZW50XC9wbHVnaW5zXC9yYWRpby1wbGF5ZXJcL2Fzc2V0c1wvaW1hZ2VzXC9wbGF5ZXItYmcucG5nIiwiYmdfdHlwZSI6ImNvbG9yIiwiY29sb3JfdHlwZSI6InNvbGlkIiwidGV4dF9jb2xvciI6IiM1QzYzN0UiLCJib3hfc2hhZG93Ijp0cnVlLCJib3hfc2hhZG93X2giOjAsImJveF9zaGFkb3dfdiI6MCwiYm94X3NoYWRvd19ibHVyIjowLCJib3hfc2hhZG93X3NwcmVhZCI6MCwiYm94X3NoYWRvd19jb2xvciI6InJnYmEoMCwgMCwgMCwgLjUpIiwiYm94X3NoYWRvd190eXBlIjoiIiwid2lkdGhfZGV2aWNlIjoiZGVza3RvcCJ9\"><\/div><\/div>\n\t\t\t\t\t\t<\/div>\n\t\t\t\t<\/div>\n\t\t\t\t\t<\/div>\n\t\t\t\t<\/div>\n\t\t\t\t<\/div>\n\t\t\t\t<\/div>\n\t\t\t\t\t\t<\/div>\n\t\t\t\t<\/div>\n\t\t\t\t<\/div>\n\t\t\t\t<\/div>\n\t\t","protected":false},"excerpt":{"rendered":"<p>Locutores Conhe\u00e7a as vozes que levam a nossa r\u00e1dio at\u00e9 voc\u00ea<\/p>\n","protected":false},"author":1,"featured_media":0,"parent":0,"menu_order":0,"comment_status":"closed","ping_status":"closed","template":"elementor_canvas","meta":{"footnotes":""},"class_list":["post-55","page","type-page","status-publish","hentry"],"_links":{"self":[{"href":"https:\/\/educadoramoc.com\/index.php?rest_route=\/wp\/v2\/pages\/55","targetHints":{"allow":["GET"]}}],"collection":[{"href":"https:\/\/educadoramoc.com\/index.php?rest_route=\/wp\/v2\/pages"}],"about":[{"href":"https:\/\/educadoramoc.com\/index.php?rest_route=\/wp\/v2\/types\/page"}],"author":[{"embeddable":true,"href":"https:\/\/educadoramoc.com\/index.php?rest_route=\/wp\/v2\/users\/1"}],"replies":[{"embeddable":true,"href":"https:\/\/educadoramoc.com\/index.php?rest_route=%2Fwp%2Fv2%2Fcomments&post=55"}],"version-history":[{"count":55,"href":"https:\/\/educadoramoc.com\/index.php?rest_route=\/wp\/v2\/pages\/55\/revisions"}],"predecessor-version":[{"id":745,"href":"https:\/\/educadoramoc.com\/index.php?rest_route=\/wp\/v2\/pages\/55\/revisions\/745"}],"wp:attachment":[{"href":"https:\/\/educadoramoc.com\/index.php?rest_route=%2Fwp%2Fv2%2Fmedia&parent=55"}],"curies":[{"name":"wp","href":"https:\/\/api.w.org\/{rel}","templated":true}]}}