{"id":395,"date":"2024-12-24T11:30:27","date_gmt":"2024-12-24T14:30:27","guid":{"rendered":"https:\/\/educadoramoc.com\/?page_id=395"},"modified":"2025-04-16T09:56:48","modified_gmt":"2025-04-16T12:56:48","slug":"noticias","status":"publish","type":"page","link":"https:\/\/educadoramoc.com\/?page_id=395","title":{"rendered":"Not\u00edcias"},"content":{"rendered":"\t\t<div data-elementor-type=\"wp-page\" data-elementor-id=\"395\" class=\"elementor elementor-395\" data-elementor-post-type=\"page\">\n\t\t\t\t<div class=\"elementor-element elementor-element-8351412 e-flex e-con-boxed wpr-particle-no wpr-jarallax-no wpr-parallax-no wpr-sticky-section-no e-con e-parent\" data-id=\"8351412\" data-element_type=\"container\">\n\t\t\t\t\t<div class=\"e-con-inner\">\n\t\t\t\t<div class=\"elementor-element elementor-element-0101721 elementor-widget__width-inherit elementor-widget-mobile__width-inherit noticias-da-cidade elementor-widget elementor-widget-heading\" data-id=\"0101721\" data-element_type=\"widget\" data-widget_type=\"heading.default\">\n\t\t\t\t<div class=\"elementor-widget-container\">\n\t\t\t\t\t<h2 class=\"elementor-heading-title elementor-size-default\">voc\u00ea por dentro de todas informa\u00e7\u00f5es em tempo real!<\/h2>\t\t\t\t<\/div>\n\t\t\t\t<\/div>\n\t\t\t\t<div class=\"elementor-element elementor-element-5f3f3f7 elementor-widget elementor-widget-upk-alice-grid\" data-id=\"5f3f3f7\" data-element_type=\"widget\" data-widget_type=\"upk-alice-grid.default\">\n\t\t\t\t<div class=\"elementor-widget-container\">\n\t\t\t\t\t\t\t<div class=\"upk-alice-grid\">\n\t\t\t<div class=\"upk-alice-wrap upk-content-bottom-center upk-style-1\">\n\t\t\t\t\t\t\t\t\t\t\t<div class=\"upk-item\">\n\t\t\t<div class=\"upk-item-box\">\n\t\t\t\t<div class=\"upk-img-wrap\">\n\t\t\t\t\t<img fetchpriority=\"high\" decoding=\"async\" width=\"300\" height=\"174\" src=\"https:\/\/educadoramoc.com\/wp-content\/uploads\/2026\/05\/yasmin-santos-1-300x174.jpg\" class=\"upk-img\" alt=\"Yasmin Santos revela sonho de consolidar carreira: &#8220;\u00c9 um prop\u00f3sito&#8221;\" srcset=\"https:\/\/educadoramoc.com\/wp-content\/uploads\/2026\/05\/yasmin-santos-1-300x174.jpg 300w, https:\/\/educadoramoc.com\/wp-content\/uploads\/2026\/05\/yasmin-santos-1-768x445.jpg 768w, https:\/\/educadoramoc.com\/wp-content\/uploads\/2026\/05\/yasmin-santos-1.jpg 983w\" sizes=\"(max-width: 300px) 100vw, 300px\" \/>\t\t\t\t<\/div>\n\t\t\t\t\t\t\t\t<div class=\"upk-content\">\n\t\t\t\t\t<h3 class=\"upk-title\"><a href=\"https:\/\/educadoramoc.com\/?p=1689\" title=\"Yasmin Santos revela sonho de consolidar carreira: &#8220;\u00c9 um prop\u00f3sito&#8221;\" class=\"title-animation-underline\" >Yasmin Santos revela sonho de consolidar carreira: &#8220;\u00c9 um prop\u00f3sito&#8221;<\/a><\/h3>\n\t\t\t\t\t\n\t\t\t\t<\/div>\n\t\t\t<\/div>\n\t\t<\/div>\n\t\t\t\t\t\t\t\t\t\t\t\t<div class=\"upk-item\">\n\t\t\t<div class=\"upk-item-box\">\n\t\t\t\t<div class=\"upk-img-wrap\">\n\t\t\t\t\t<img decoding=\"async\" width=\"300\" height=\"168\" src=\"https:\/\/educadoramoc.com\/wp-content\/uploads\/2026\/05\/mateus-aleixo-casamento_dab2b5-e1777917791990-300x168.png\" class=\"upk-img\" alt=\"Matheus, da dupla com Kauan, se pronuncia ap\u00f3s rumores de trai\u00e7\u00e3o\" srcset=\"https:\/\/educadoramoc.com\/wp-content\/uploads\/2026\/05\/mateus-aleixo-casamento_dab2b5-e1777917791990-300x168.png 300w, https:\/\/educadoramoc.com\/wp-content\/uploads\/2026\/05\/mateus-aleixo-casamento_dab2b5-e1777917791990-768x431.png 768w, https:\/\/educadoramoc.com\/wp-content\/uploads\/2026\/05\/mateus-aleixo-casamento_dab2b5-e1777917791990.png 784w\" sizes=\"(max-width: 300px) 100vw, 300px\" \/>\t\t\t\t<\/div>\n\t\t\t\t\t\t\t\t<div class=\"upk-content\">\n\t\t\t\t\t<h3 class=\"upk-title\"><a href=\"https:\/\/educadoramoc.com\/?p=1685\" title=\"Matheus, da dupla com Kauan, se pronuncia ap\u00f3s rumores de trai\u00e7\u00e3o\" class=\"title-animation-underline\" >Matheus, da dupla com Kauan, se pronuncia ap\u00f3s rumores de trai\u00e7\u00e3o<\/a><\/h3>\n\t\t\t\t\t\n\t\t\t\t<\/div>\n\t\t\t<\/div>\n\t\t<\/div>\n\t\t\t\t\t\t\t\t\t\t\t\t<div class=\"upk-item\">\n\t\t\t<div class=\"upk-item-box\">\n\t\t\t\t<div class=\"upk-img-wrap\">\n\t\t\t\t\t<img decoding=\"async\" width=\"300\" height=\"171\" src=\"https:\/\/educadoramoc.com\/wp-content\/uploads\/2026\/05\/leo-canhoto-e-robertinho-300x171.png\" class=\"upk-img\" alt=\"Cabelo longo, correntes e \u00f3culos escuros: como L\u00e9o Canhoto e Robertinho mudaram a &#8216;cara&#8217; do sertanejo\" srcset=\"https:\/\/educadoramoc.com\/wp-content\/uploads\/2026\/05\/leo-canhoto-e-robertinho-300x171.png 300w, https:\/\/educadoramoc.com\/wp-content\/uploads\/2026\/05\/leo-canhoto-e-robertinho-768x439.png 768w, https:\/\/educadoramoc.com\/wp-content\/uploads\/2026\/05\/leo-canhoto-e-robertinho.png 984w\" sizes=\"(max-width: 300px) 100vw, 300px\" \/>\t\t\t\t<\/div>\n\t\t\t\t\t\t\t\t<div class=\"upk-content\">\n\t\t\t\t\t<h3 class=\"upk-title\"><a href=\"https:\/\/educadoramoc.com\/?p=1682\" title=\"Cabelo longo, correntes e \u00f3culos escuros: como L\u00e9o Canhoto e Robertinho mudaram a &#8216;cara&#8217; do sertanejo\" class=\"title-animation-underline\" >Cabelo longo, correntes e \u00f3culos escuros: como L\u00e9o Canhoto e Robertinho mudaram a &#8216;cara&#8217; do sertanejo<\/a><\/h3>\n\t\t\t\t\t\n\t\t\t\t<\/div>\n\t\t\t<\/div>\n\t\t<\/div>\n\t\t\t\t\t\t\t\t\t\t\t\t<div class=\"upk-item\">\n\t\t\t<div class=\"upk-item-box\">\n\t\t\t\t<div class=\"upk-img-wrap\">\n\t\t\t\t\t<img loading=\"lazy\" decoding=\"async\" width=\"300\" height=\"226\" src=\"https:\/\/educadoramoc.com\/wp-content\/uploads\/2026\/05\/lauana-prado-desabafa-preconceitos-mulher-sertanejo-300x226.jpg\" class=\"upk-img\" alt=\"Hist\u00f3ria de f\u00e3: A hist\u00f3ria de Kiki Tavolaro, que homenageou Lauana Prado no nome da filha\" srcset=\"https:\/\/educadoramoc.com\/wp-content\/uploads\/2026\/05\/lauana-prado-desabafa-preconceitos-mulher-sertanejo-300x226.jpg 300w, https:\/\/educadoramoc.com\/wp-content\/uploads\/2026\/05\/lauana-prado-desabafa-preconceitos-mulher-sertanejo-1024x770.jpg 1024w, https:\/\/educadoramoc.com\/wp-content\/uploads\/2026\/05\/lauana-prado-desabafa-preconceitos-mulher-sertanejo-768x577.jpg 768w, https:\/\/educadoramoc.com\/wp-content\/uploads\/2026\/05\/lauana-prado-desabafa-preconceitos-mulher-sertanejo.jpg 1200w\" sizes=\"(max-width: 300px) 100vw, 300px\" \/>\t\t\t\t<\/div>\n\t\t\t\t\t\t\t\t<div class=\"upk-content\">\n\t\t\t\t\t<h3 class=\"upk-title\"><a href=\"https:\/\/educadoramoc.com\/?p=1679\" title=\"Hist\u00f3ria de f\u00e3: A hist\u00f3ria de Kiki Tavolaro, que homenageou Lauana Prado no nome da filha\" class=\"title-animation-underline\" >Hist\u00f3ria de f\u00e3: A hist\u00f3ria de Kiki Tavolaro, que homenageou Lauana Prado no nome da filha<\/a><\/h3>\n\t\t\t\t\t\n\t\t\t\t<\/div>\n\t\t\t<\/div>\n\t\t<\/div>\n\t\t\t\t\t\t\t\t\t\t\t\t<div class=\"upk-item\">\n\t\t\t<div class=\"upk-item-box\">\n\t\t\t\t<div class=\"upk-img-wrap\">\n\t\t\t\t\t<img loading=\"lazy\" decoding=\"async\" width=\"300\" height=\"169\" src=\"https:\/\/educadoramoc.com\/wp-content\/uploads\/2026\/04\/leo-chaves-pai-e1777483350153-300x169.png\" class=\"upk-img\" alt=\"Morre Ronald Pimentel, pai dos cantores sertanejos Victor e Leo\" srcset=\"https:\/\/educadoramoc.com\/wp-content\/uploads\/2026\/04\/leo-chaves-pai-e1777483350153-300x169.png 300w, https:\/\/educadoramoc.com\/wp-content\/uploads\/2026\/04\/leo-chaves-pai-e1777483350153-1024x576.png 1024w, https:\/\/educadoramoc.com\/wp-content\/uploads\/2026\/04\/leo-chaves-pai-e1777483350153-768x432.png 768w, https:\/\/educadoramoc.com\/wp-content\/uploads\/2026\/04\/leo-chaves-pai-e1777483350153.png 1080w\" sizes=\"(max-width: 300px) 100vw, 300px\" \/>\t\t\t\t<\/div>\n\t\t\t\t\t\t\t\t<div class=\"upk-content\">\n\t\t\t\t\t<h3 class=\"upk-title\"><a href=\"https:\/\/educadoramoc.com\/?p=1676\" title=\"Morre Ronald Pimentel, pai dos cantores sertanejos Victor e Leo\" class=\"title-animation-underline\" >Morre Ronald Pimentel, pai dos cantores sertanejos Victor e Leo<\/a><\/h3>\n\t\t\t\t\t\n\t\t\t\t<\/div>\n\t\t\t<\/div>\n\t\t<\/div>\n\t\t\t\t\t\t\t\t\t\t\t\t<div class=\"upk-item\">\n\t\t\t<div class=\"upk-item-box\">\n\t\t\t\t<div class=\"upk-img-wrap\">\n\t\t\t\t\t<img loading=\"lazy\" decoding=\"async\" width=\"280\" height=\"180\" src=\"https:\/\/educadoramoc.com\/wp-content\/uploads\/2026\/04\/images-1.jpg\" class=\"upk-img\" alt=\"\u00cdcones da m\u00fasica sertaneja s\u00e3o donos de fazenda de luxo com lago e cria\u00e7\u00e3o rural\" \/>\t\t\t\t<\/div>\n\t\t\t\t\t\t\t\t<div class=\"upk-content\">\n\t\t\t\t\t<h3 class=\"upk-title\"><a href=\"https:\/\/educadoramoc.com\/?p=1673\" title=\"\u00cdcones da m\u00fasica sertaneja s\u00e3o donos de fazenda de luxo com lago e cria\u00e7\u00e3o rural\" class=\"title-animation-underline\" >\u00cdcones da m\u00fasica sertaneja s\u00e3o donos de fazenda de luxo com lago e cria\u00e7\u00e3o rural<\/a><\/h3>\n\t\t\t\t\t\n\t\t\t\t<\/div>\n\t\t\t<\/div>\n\t\t<\/div>\n\t\t\t\t\t\t\t\t<\/div>\n\t\t<\/div>\n\n\t\t\t\t\t\t<\/div>\n\t\t\t\t<\/div>\n\t\t\t\t\t<\/div>\n\t\t\t\t<\/div>\n\t\t\t\t<\/div>\n\t\t","protected":false},"excerpt":{"rendered":"<p>voc\u00ea por dentro de todas informa\u00e7\u00f5es em tempo real! Gusttavo Lima Guttavo Lima Gusttavo Lima<\/p>\n","protected":false},"author":1,"featured_media":0,"parent":0,"menu_order":0,"comment_status":"closed","ping_status":"closed","template":"elementor_header_footer","meta":{"footnotes":""},"class_list":["post-395","page","type-page","status-publish","hentry"],"_links":{"self":[{"href":"https:\/\/educadoramoc.com\/index.php?rest_route=\/wp\/v2\/pages\/395","targetHints":{"allow":["GET"]}}],"collection":[{"href":"https:\/\/educadoramoc.com\/index.php?rest_route=\/wp\/v2\/pages"}],"about":[{"href":"https:\/\/educadoramoc.com\/index.php?rest_route=\/wp\/v2\/types\/page"}],"author":[{"embeddable":true,"href":"https:\/\/educadoramoc.com\/index.php?rest_route=\/wp\/v2\/users\/1"}],"replies":[{"embeddable":true,"href":"https:\/\/educadoramoc.com\/index.php?rest_route=%2Fwp%2Fv2%2Fcomments&post=395"}],"version-history":[{"count":13,"href":"https:\/\/educadoramoc.com\/index.php?rest_route=\/wp\/v2\/pages\/395\/revisions"}],"predecessor-version":[{"id":519,"href":"https:\/\/educadoramoc.com\/index.php?rest_route=\/wp\/v2\/pages\/395\/revisions\/519"}],"wp:attachment":[{"href":"https:\/\/educadoramoc.com\/index.php?rest_route=%2Fwp%2Fv2%2Fmedia&parent=395"}],"curies":[{"name":"wp","href":"https:\/\/api.w.org\/{rel}","templated":true}]}}